{"id":4839,"date":"2024-02-10T13:00:30","date_gmt":"2024-02-10T13:00:30","guid":{"rendered":"https:\/\/www.vmg-lignum.eu\/product\/lvl-laminated-veneer-lumber\/"},"modified":"2026-03-06T13:15:44","modified_gmt":"2026-03-06T13:15:44","slug":"lvl-sluoksnine-lukstu-mediena","status":"publish","type":"product","link":"https:\/\/www.vmg-lignum.eu\/lt\/product\/lvl-sluoksnine-lukstu-mediena\/","title":{"rendered":"LVL (sluoksnin\u0117 luk\u0161t\u0173 mediena)"},"content":{"rendered":"","protected":false},"featured_media":0,"template":"","class_list":["post-4839","product","type-product","status-publish","hentry"],"acf":[],"yoast_head":"<!-- This site is optimized with the Yoast SEO plugin v26.0 - https:\/\/yoast.com\/wordpress\/plugins\/seo\/ -->\n<title>VMG LIGNUM LVL | 120 000 M3 per year | LVL (Laminated Veneer Lumber) manufacturer and supplier in Europe, Lithuania | We are manufacturer and supplier of certified high-quality laminated veneer lumber (LVL) beams, columns, and panels | LVL producer and distributor in Europe | LVL factory in Europe, certified LVL manufacturer and wholesaler | Wholesale of LVL made in Europe | European engineered wood products manufacturer and supplier| www.vmg-lignum.eu<\/title>\n<meta name=\"description\" content=\"VMG LIGNUM LVL \u2013 laminated veneer lumber (LVL) manufacturer and supplier in Europe, Lithuania. We are manufacturer and supplier of certified high-quality laminated veneer lumber (LVL) beams, columns, and panels. LVL production capabilities: 120 000 M3 per year, LVL production and warehouse space: 29 000 sq. m. VMG LIGNUM - laminated veneer lumber (LVL) producer and distributor in Europe. LVL factory in Europe, certified LVL manufacturer and wholesaler. Wholesale of LVL made in Europe | European engineered wood products manufacturer and supplier. LVL directly from the European manufacturer. Areas of application of VMG LIGNUM LVL products, LVL manufacturing process, layers of veneer lumber, standard LVL sizes, LVL\u2013P and LVL\u2013C marginal dimensions. To produce LVL\u2013P and LVL\u2013C we use: pine wood.\" \/>\n<meta name=\"robots\" content=\"index, follow, max-snippet:-1, max-image-preview:large, max-video-preview:-1\" \/>\n<link rel=\"canonical\" href=\"https:\/\/www.vmg-lignum.eu\/lt\/product\/lvl-sluoksnine-lukstu-mediena\/\" \/>\n<meta property=\"og:locale\" content=\"lt_LT\" \/>\n<meta property=\"og:type\" content=\"article\" \/>\n<meta property=\"og:title\" content=\"VMG LIGNUM LVL | 120 000 M3 per year | LVL (Laminated Veneer Lumber) manufacturer and supplier in Europe, Lithuania | We are manufacturer and supplier of certified high-quality laminated veneer lumber (LVL) beams, columns, and panels | LVL producer and distributor in Europe | LVL factory in Europe, certified LVL manufacturer and wholesaler | Wholesale of LVL made in Europe | European engineered wood products manufacturer and supplier| www.vmg-lignum.eu\" \/>\n<meta property=\"og:description\" content=\"VMG LIGNUM LVL \u2013 laminated veneer lumber (LVL) manufacturer and supplier in Europe, Lithuania. We are manufacturer and supplier of certified high-quality laminated veneer lumber (LVL) beams, columns, and panels. LVL production capabilities: 120 000 M3 per year, LVL production and warehouse space: 29 000 sq. m. VMG LIGNUM - laminated veneer lumber (LVL) producer and distributor in Europe. LVL factory in Europe, certified LVL manufacturer and wholesaler. Wholesale of LVL made in Europe | European engineered wood products manufacturer and supplier. LVL directly from the European manufacturer. Areas of application of VMG LIGNUM LVL products, LVL manufacturing process, layers of veneer lumber, standard LVL sizes, LVL\u2013P and LVL\u2013C marginal dimensions. To produce LVL\u2013P and LVL\u2013C we use: pine wood.\" \/>\n<meta property=\"og:url\" content=\"https:\/\/www.vmg-lignum.eu\/lt\/product\/lvl-sluoksnine-lukstu-mediena\/\" \/>\n<meta property=\"og:site_name\" content=\"VMG Lignum\" \/>\n<meta property=\"article:modified_time\" content=\"2026-03-06T13:15:44+00:00\" \/>\n<meta name=\"twitter:card\" content=\"summary_large_image\" \/>\n<script type=\"application\/ld+json\" class=\"yoast-schema-graph\">{\"@context\":\"https:\/\/schema.org\",\"@graph\":[{\"@type\":\"WebPage\",\"@id\":\"https:\/\/www.vmg-lignum.eu\/lt\/product\/lvl-sluoksnine-lukstu-mediena\/\",\"url\":\"https:\/\/www.vmg-lignum.eu\/lt\/product\/lvl-sluoksnine-lukstu-mediena\/\",\"name\":\"VMG LIGNUM LVL | 120 000 M3 per year | LVL (Laminated Veneer Lumber) manufacturer and supplier in Europe, Lithuania | We are manufacturer and supplier of certified high-quality laminated veneer lumber (LVL) beams, columns, and panels | LVL producer and distributor in Europe | LVL factory in Europe, certified LVL manufacturer and wholesaler | Wholesale of LVL made in Europe | European engineered wood products manufacturer and supplier| www.vmg-lignum.eu\",\"isPartOf\":{\"@id\":\"https:\/\/www.vmg-lignum.eu\/#website\"},\"datePublished\":\"2024-02-10T13:00:30+00:00\",\"dateModified\":\"2026-03-06T13:15:44+00:00\",\"description\":\"VMG LIGNUM LVL \u2013 laminated veneer lumber (LVL) manufacturer and supplier in Europe, Lithuania. We are manufacturer and supplier of certified high-quality laminated veneer lumber (LVL) beams, columns, and panels. LVL production capabilities: 120 000 M3 per year, LVL production and warehouse space: 29 000 sq. m. VMG LIGNUM - laminated veneer lumber (LVL) producer and distributor in Europe. LVL factory in Europe, certified LVL manufacturer and wholesaler. Wholesale of LVL made in Europe | European engineered wood products manufacturer and supplier. LVL directly from the European manufacturer. Areas of application of VMG LIGNUM LVL products, LVL manufacturing process, layers of veneer lumber, standard LVL sizes, LVL\u2013P and LVL\u2013C marginal dimensions. To produce LVL\u2013P and LVL\u2013C we use: pine wood.\",\"breadcrumb\":{\"@id\":\"https:\/\/www.vmg-lignum.eu\/lt\/product\/lvl-sluoksnine-lukstu-mediena\/#breadcrumb\"},\"inLanguage\":\"lt-LT\",\"potentialAction\":[{\"@type\":\"ReadAction\",\"target\":[\"https:\/\/www.vmg-lignum.eu\/lt\/product\/lvl-sluoksnine-lukstu-mediena\/\"]}]},{\"@type\":\"BreadcrumbList\",\"@id\":\"https:\/\/www.vmg-lignum.eu\/lt\/product\/lvl-sluoksnine-lukstu-mediena\/#breadcrumb\",\"itemListElement\":[{\"@type\":\"ListItem\",\"position\":1,\"name\":\"Home\",\"item\":\"https:\/\/www.vmg-lignum.eu\/lt\/\"},{\"@type\":\"ListItem\",\"position\":2,\"name\":\"LVL (sluoksnin\u0117 luk\u0161t\u0173 mediena)\"}]},{\"@type\":\"WebSite\",\"@id\":\"https:\/\/www.vmg-lignum.eu\/#website\",\"url\":\"https:\/\/www.vmg-lignum.eu\/\",\"name\":\"VMG Lignum\",\"description\":\"\",\"publisher\":{\"@id\":\"https:\/\/www.vmg-lignum.eu\/#organization\"},\"potentialAction\":[{\"@type\":\"SearchAction\",\"target\":{\"@type\":\"EntryPoint\",\"urlTemplate\":\"https:\/\/www.vmg-lignum.eu\/?s={search_term_string}\"},\"query-input\":{\"@type\":\"PropertyValueSpecification\",\"valueRequired\":true,\"valueName\":\"search_term_string\"}}],\"inLanguage\":\"lt-LT\"},{\"@type\":\"Organization\",\"@id\":\"https:\/\/www.vmg-lignum.eu\/#organization\",\"name\":\"VMG Lignum\",\"url\":\"https:\/\/www.vmg-lignum.eu\/\",\"logo\":{\"@type\":\"ImageObject\",\"inLanguage\":\"lt-LT\",\"@id\":\"https:\/\/www.vmg-lignum.eu\/#\/schema\/logo\/image\/\",\"url\":\"https:\/\/www.vmg-lignum.eu\/wp-content\/uploads\/2023\/12\/logo.svg\",\"contentUrl\":\"https:\/\/www.vmg-lignum.eu\/wp-content\/uploads\/2023\/12\/logo.svg\",\"caption\":\"VMG Lignum\"},\"image\":{\"@id\":\"https:\/\/www.vmg-lignum.eu\/#\/schema\/logo\/image\/\"}}]}<\/script>\n<!-- \/ Yoast SEO plugin. -->","yoast_head_json":{"title":"VMG LIGNUM LVL | 120 000 M3 per year | LVL (Laminated Veneer Lumber) manufacturer and supplier in Europe, Lithuania | We are manufacturer and supplier of certified high-quality laminated veneer lumber (LVL) beams, columns, and panels | LVL producer and distributor in Europe | LVL factory in Europe, certified LVL manufacturer and wholesaler | Wholesale of LVL made in Europe | European engineered wood products manufacturer and supplier| www.vmg-lignum.eu","description":"VMG LIGNUM LVL \u2013 laminated veneer lumber (LVL) manufacturer and supplier in Europe, Lithuania. We are manufacturer and supplier of certified high-quality laminated veneer lumber (LVL) beams, columns, and panels. LVL production capabilities: 120 000 M3 per year, LVL production and warehouse space: 29 000 sq. m. VMG LIGNUM - laminated veneer lumber (LVL) producer and distributor in Europe. LVL factory in Europe, certified LVL manufacturer and wholesaler. Wholesale of LVL made in Europe | European engineered wood products manufacturer and supplier. LVL directly from the European manufacturer. Areas of application of VMG LIGNUM LVL products, LVL manufacturing process, layers of veneer lumber, standard LVL sizes, LVL\u2013P and LVL\u2013C marginal dimensions. To produce LVL\u2013P and LVL\u2013C we use: pine wood.","robots":{"index":"index","follow":"follow","max-snippet":"max-snippet:-1","max-image-preview":"max-image-preview:large","max-video-preview":"max-video-preview:-1"},"canonical":"https:\/\/www.vmg-lignum.eu\/lt\/product\/lvl-sluoksnine-lukstu-mediena\/","og_locale":"lt_LT","og_type":"article","og_title":"VMG LIGNUM LVL | 120 000 M3 per year | LVL (Laminated Veneer Lumber) manufacturer and supplier in Europe, Lithuania | We are manufacturer and supplier of certified high-quality laminated veneer lumber (LVL) beams, columns, and panels | LVL producer and distributor in Europe | LVL factory in Europe, certified LVL manufacturer and wholesaler | Wholesale of LVL made in Europe | European engineered wood products manufacturer and supplier| www.vmg-lignum.eu","og_description":"VMG LIGNUM LVL \u2013 laminated veneer lumber (LVL) manufacturer and supplier in Europe, Lithuania. We are manufacturer and supplier of certified high-quality laminated veneer lumber (LVL) beams, columns, and panels. LVL production capabilities: 120 000 M3 per year, LVL production and warehouse space: 29 000 sq. m. VMG LIGNUM - laminated veneer lumber (LVL) producer and distributor in Europe. LVL factory in Europe, certified LVL manufacturer and wholesaler. Wholesale of LVL made in Europe | European engineered wood products manufacturer and supplier. LVL directly from the European manufacturer. Areas of application of VMG LIGNUM LVL products, LVL manufacturing process, layers of veneer lumber, standard LVL sizes, LVL\u2013P and LVL\u2013C marginal dimensions. To produce LVL\u2013P and LVL\u2013C we use: pine wood.","og_url":"https:\/\/www.vmg-lignum.eu\/lt\/product\/lvl-sluoksnine-lukstu-mediena\/","og_site_name":"VMG Lignum","article_modified_time":"2026-03-06T13:15:44+00:00","twitter_card":"summary_large_image","schema":{"@context":"https:\/\/schema.org","@graph":[{"@type":"WebPage","@id":"https:\/\/www.vmg-lignum.eu\/lt\/product\/lvl-sluoksnine-lukstu-mediena\/","url":"https:\/\/www.vmg-lignum.eu\/lt\/product\/lvl-sluoksnine-lukstu-mediena\/","name":"VMG LIGNUM LVL | 120 000 M3 per year | LVL (Laminated Veneer Lumber) manufacturer and supplier in Europe, Lithuania | We are manufacturer and supplier of certified high-quality laminated veneer lumber (LVL) beams, columns, and panels | LVL producer and distributor in Europe | LVL factory in Europe, certified LVL manufacturer and wholesaler | Wholesale of LVL made in Europe | European engineered wood products manufacturer and supplier| www.vmg-lignum.eu","isPartOf":{"@id":"https:\/\/www.vmg-lignum.eu\/#website"},"datePublished":"2024-02-10T13:00:30+00:00","dateModified":"2026-03-06T13:15:44+00:00","description":"VMG LIGNUM LVL \u2013 laminated veneer lumber (LVL) manufacturer and supplier in Europe, Lithuania. We are manufacturer and supplier of certified high-quality laminated veneer lumber (LVL) beams, columns, and panels. LVL production capabilities: 120 000 M3 per year, LVL production and warehouse space: 29 000 sq. m. VMG LIGNUM - laminated veneer lumber (LVL) producer and distributor in Europe. LVL factory in Europe, certified LVL manufacturer and wholesaler. Wholesale of LVL made in Europe | European engineered wood products manufacturer and supplier. LVL directly from the European manufacturer. Areas of application of VMG LIGNUM LVL products, LVL manufacturing process, layers of veneer lumber, standard LVL sizes, LVL\u2013P and LVL\u2013C marginal dimensions. To produce LVL\u2013P and LVL\u2013C we use: pine wood.","breadcrumb":{"@id":"https:\/\/www.vmg-lignum.eu\/lt\/product\/lvl-sluoksnine-lukstu-mediena\/#breadcrumb"},"inLanguage":"lt-LT","potentialAction":[{"@type":"ReadAction","target":["https:\/\/www.vmg-lignum.eu\/lt\/product\/lvl-sluoksnine-lukstu-mediena\/"]}]},{"@type":"BreadcrumbList","@id":"https:\/\/www.vmg-lignum.eu\/lt\/product\/lvl-sluoksnine-lukstu-mediena\/#breadcrumb","itemListElement":[{"@type":"ListItem","position":1,"name":"Home","item":"https:\/\/www.vmg-lignum.eu\/lt\/"},{"@type":"ListItem","position":2,"name":"LVL (sluoksnin\u0117 luk\u0161t\u0173 mediena)"}]},{"@type":"WebSite","@id":"https:\/\/www.vmg-lignum.eu\/#website","url":"https:\/\/www.vmg-lignum.eu\/","name":"VMG Lignum","description":"","publisher":{"@id":"https:\/\/www.vmg-lignum.eu\/#organization"},"potentialAction":[{"@type":"SearchAction","target":{"@type":"EntryPoint","urlTemplate":"https:\/\/www.vmg-lignum.eu\/?s={search_term_string}"},"query-input":{"@type":"PropertyValueSpecification","valueRequired":true,"valueName":"search_term_string"}}],"inLanguage":"lt-LT"},{"@type":"Organization","@id":"https:\/\/www.vmg-lignum.eu\/#organization","name":"VMG Lignum","url":"https:\/\/www.vmg-lignum.eu\/","logo":{"@type":"ImageObject","inLanguage":"lt-LT","@id":"https:\/\/www.vmg-lignum.eu\/#\/schema\/logo\/image\/","url":"https:\/\/www.vmg-lignum.eu\/wp-content\/uploads\/2023\/12\/logo.svg","contentUrl":"https:\/\/www.vmg-lignum.eu\/wp-content\/uploads\/2023\/12\/logo.svg","caption":"VMG Lignum"},"image":{"@id":"https:\/\/www.vmg-lignum.eu\/#\/schema\/logo\/image\/"}}]}},"_links":{"self":[{"href":"https:\/\/www.vmg-lignum.eu\/lt\/wp-json\/wp\/v2\/product\/4839","targetHints":{"allow":["GET"]}}],"collection":[{"href":"https:\/\/www.vmg-lignum.eu\/lt\/wp-json\/wp\/v2\/product"}],"about":[{"href":"https:\/\/www.vmg-lignum.eu\/lt\/wp-json\/wp\/v2\/types\/product"}],"wp:attachment":[{"href":"https:\/\/www.vmg-lignum.eu\/lt\/wp-json\/wp\/v2\/media?parent=4839"}],"curies":[{"name":"wp","href":"https:\/\/api.w.org\/{rel}","templated":true}]}}