{"id":4841,"date":"2024-01-13T10:47:54","date_gmt":"2024-01-13T10:47:54","guid":{"rendered":"https:\/\/www.vmg-lignum.eu\/product\/load-bearing-structural-glued-particle-board-p5\/"},"modified":"2026-03-06T13:16:44","modified_gmt":"2026-03-06T13:16:44","slug":"statybines-medzio-drozliu-plokstes","status":"publish","type":"product","link":"https:\/\/www.vmg-lignum.eu\/lt\/product\/statybines-medzio-drozliu-plokstes\/","title":{"rendered":"STATYBIN\u0116S MED\u017dIO DRO\u017dLI\u0172 PLOK\u0160T\u0116S"},"content":{"rendered":"","protected":false},"featured_media":0,"template":"","class_list":["post-4841","product","type-product","status-publish","hentry"],"acf":[],"yoast_head":"<!-- This site is optimized with the Yoast SEO plugin v26.0 - https:\/\/yoast.com\/wordpress\/plugins\/seo\/ -->\n<title>VMG LIGNUM BOARD P5 | 200.000 M3 per year | Load-bearing particle boards for use in humid conditions | Load-bearing structural particle boards manufacturer and supplier in Europe, Lithuania | Load-bearing glued structural particle boards, particleboard for the construction: P5. We are manufacturer and supplier of certified high-quality particle boards (PB) | P5 structural particleboards factory in Europe, certified particle boards manufacturer and wholesaler | European engineered wood products manufacturer and supplier | P5 particle boards producer and distributor in Europe | Wholesale of P5 particle boards made in Europe | www.vmg-lignum.eu<\/title>\n<meta name=\"description\" content=\"VMG LIGNUM BOARD P5. 200.000 M3 per year. Load-bearing particle boards for use in humid conditions. Glued structural particle boards P5 manufacturer and supplier in Europe, Lithuania. We are manufacturer and supplier of certified high-quality particleboards P5. Load-bearing particleboard P5 for the construction. Structural particle board production capabilities (P5): 200.000 M3 per year. Structural particle board P5 production and warehouse space: 29 000 sq. m. Particle boards P5 producer and distributor in Europe. Particleboards P5 factory in Europe, certified particleboards P5 manufacturer and wholesaler. Wholesale of particle boards P5 made in Europe. European engineered wood products manufacturer and supplier. Particle boards P5 directly from the European manufacturer. Areas of application of VMG LIGNUM BOARD P5 products, particle boards P5 manufacturing process, standard particle boards P5 sizes, particle boards P5 marginal dimensions. P5: load-bearing particle boards for use in humid conditions.\" \/>\n<meta name=\"robots\" content=\"index, follow, max-snippet:-1, max-image-preview:large, max-video-preview:-1\" \/>\n<link rel=\"canonical\" href=\"https:\/\/www.vmg-lignum.eu\/lt\/product\/statybines-medzio-drozliu-plokstes\/\" \/>\n<meta property=\"og:locale\" content=\"lt_LT\" \/>\n<meta property=\"og:type\" content=\"article\" \/>\n<meta property=\"og:title\" content=\"VMG LIGNUM BOARD P5 | 200.000 M3 per year | Load-bearing particle boards for use in humid conditions | Load-bearing structural particle boards manufacturer and supplier in Europe, Lithuania | Load-bearing glued structural particle boards, particleboard for the construction: P5. We are manufacturer and supplier of certified high-quality particle boards (PB) | P5 structural particleboards factory in Europe, certified particle boards manufacturer and wholesaler | European engineered wood products manufacturer and supplier | P5 particle boards producer and distributor in Europe | Wholesale of P5 particle boards made in Europe | www.vmg-lignum.eu\" \/>\n<meta property=\"og:description\" content=\"VMG LIGNUM BOARD P5. 200.000 M3 per year. Load-bearing particle boards for use in humid conditions. Glued structural particle boards P5 manufacturer and supplier in Europe, Lithuania. We are manufacturer and supplier of certified high-quality particleboards P5. Load-bearing particleboard P5 for the construction. Structural particle board production capabilities (P5): 200.000 M3 per year. Structural particle board P5 production and warehouse space: 29 000 sq. m. Particle boards P5 producer and distributor in Europe. Particleboards P5 factory in Europe, certified particleboards P5 manufacturer and wholesaler. Wholesale of particle boards P5 made in Europe. European engineered wood products manufacturer and supplier. Particle boards P5 directly from the European manufacturer. Areas of application of VMG LIGNUM BOARD P5 products, particle boards P5 manufacturing process, standard particle boards P5 sizes, particle boards P5 marginal dimensions. P5: load-bearing particle boards for use in humid conditions.\" \/>\n<meta property=\"og:url\" content=\"https:\/\/www.vmg-lignum.eu\/lt\/product\/statybines-medzio-drozliu-plokstes\/\" \/>\n<meta property=\"og:site_name\" content=\"VMG Lignum\" \/>\n<meta property=\"article:modified_time\" content=\"2026-03-06T13:16:44+00:00\" \/>\n<meta name=\"twitter:card\" content=\"summary_large_image\" \/>\n<script type=\"application\/ld+json\" class=\"yoast-schema-graph\">{\"@context\":\"https:\/\/schema.org\",\"@graph\":[{\"@type\":\"WebPage\",\"@id\":\"https:\/\/www.vmg-lignum.eu\/lt\/product\/statybines-medzio-drozliu-plokstes\/\",\"url\":\"https:\/\/www.vmg-lignum.eu\/lt\/product\/statybines-medzio-drozliu-plokstes\/\",\"name\":\"VMG LIGNUM BOARD P5 | 200.000 M3 per year | Load-bearing particle boards for use in humid conditions | Load-bearing structural particle boards manufacturer and supplier in Europe, Lithuania | Load-bearing glued structural particle boards, particleboard for the construction: P5. We are manufacturer and supplier of certified high-quality particle boards (PB) | P5 structural particleboards factory in Europe, certified particle boards manufacturer and wholesaler | European engineered wood products manufacturer and supplier | P5 particle boards producer and distributor in Europe | Wholesale of P5 particle boards made in Europe | www.vmg-lignum.eu\",\"isPartOf\":{\"@id\":\"https:\/\/www.vmg-lignum.eu\/#website\"},\"datePublished\":\"2024-01-13T10:47:54+00:00\",\"dateModified\":\"2026-03-06T13:16:44+00:00\",\"description\":\"VMG LIGNUM BOARD P5. 200.000 M3 per year. Load-bearing particle boards for use in humid conditions. Glued structural particle boards P5 manufacturer and supplier in Europe, Lithuania. We are manufacturer and supplier of certified high-quality particleboards P5. Load-bearing particleboard P5 for the construction. Structural particle board production capabilities (P5): 200.000 M3 per year. Structural particle board P5 production and warehouse space: 29 000 sq. m. Particle boards P5 producer and distributor in Europe. Particleboards P5 factory in Europe, certified particleboards P5 manufacturer and wholesaler. Wholesale of particle boards P5 made in Europe. European engineered wood products manufacturer and supplier. Particle boards P5 directly from the European manufacturer. Areas of application of VMG LIGNUM BOARD P5 products, particle boards P5 manufacturing process, standard particle boards P5 sizes, particle boards P5 marginal dimensions. P5: load-bearing particle boards for use in humid conditions.\",\"breadcrumb\":{\"@id\":\"https:\/\/www.vmg-lignum.eu\/lt\/product\/statybines-medzio-drozliu-plokstes\/#breadcrumb\"},\"inLanguage\":\"lt-LT\",\"potentialAction\":[{\"@type\":\"ReadAction\",\"target\":[\"https:\/\/www.vmg-lignum.eu\/lt\/product\/statybines-medzio-drozliu-plokstes\/\"]}]},{\"@type\":\"BreadcrumbList\",\"@id\":\"https:\/\/www.vmg-lignum.eu\/lt\/product\/statybines-medzio-drozliu-plokstes\/#breadcrumb\",\"itemListElement\":[{\"@type\":\"ListItem\",\"position\":1,\"name\":\"Home\",\"item\":\"https:\/\/www.vmg-lignum.eu\/lt\/\"},{\"@type\":\"ListItem\",\"position\":2,\"name\":\"STATYBIN\u0116S MED\u017dIO DRO\u017dLI\u0172 PLOK\u0160T\u0116S\"}]},{\"@type\":\"WebSite\",\"@id\":\"https:\/\/www.vmg-lignum.eu\/#website\",\"url\":\"https:\/\/www.vmg-lignum.eu\/\",\"name\":\"VMG Lignum\",\"description\":\"\",\"publisher\":{\"@id\":\"https:\/\/www.vmg-lignum.eu\/#organization\"},\"potentialAction\":[{\"@type\":\"SearchAction\",\"target\":{\"@type\":\"EntryPoint\",\"urlTemplate\":\"https:\/\/www.vmg-lignum.eu\/?s={search_term_string}\"},\"query-input\":{\"@type\":\"PropertyValueSpecification\",\"valueRequired\":true,\"valueName\":\"search_term_string\"}}],\"inLanguage\":\"lt-LT\"},{\"@type\":\"Organization\",\"@id\":\"https:\/\/www.vmg-lignum.eu\/#organization\",\"name\":\"VMG Lignum\",\"url\":\"https:\/\/www.vmg-lignum.eu\/\",\"logo\":{\"@type\":\"ImageObject\",\"inLanguage\":\"lt-LT\",\"@id\":\"https:\/\/www.vmg-lignum.eu\/#\/schema\/logo\/image\/\",\"url\":\"https:\/\/www.vmg-lignum.eu\/wp-content\/uploads\/2023\/12\/logo.svg\",\"contentUrl\":\"https:\/\/www.vmg-lignum.eu\/wp-content\/uploads\/2023\/12\/logo.svg\",\"caption\":\"VMG Lignum\"},\"image\":{\"@id\":\"https:\/\/www.vmg-lignum.eu\/#\/schema\/logo\/image\/\"}}]}<\/script>\n<!-- \/ Yoast SEO plugin. -->","yoast_head_json":{"title":"VMG LIGNUM BOARD P5 | 200.000 M3 per year | Load-bearing particle boards for use in humid conditions | Load-bearing structural particle boards manufacturer and supplier in Europe, Lithuania | Load-bearing glued structural particle boards, particleboard for the construction: P5. We are manufacturer and supplier of certified high-quality particle boards (PB) | P5 structural particleboards factory in Europe, certified particle boards manufacturer and wholesaler | European engineered wood products manufacturer and supplier | P5 particle boards producer and distributor in Europe | Wholesale of P5 particle boards made in Europe | www.vmg-lignum.eu","description":"VMG LIGNUM BOARD P5. 200.000 M3 per year. Load-bearing particle boards for use in humid conditions. Glued structural particle boards P5 manufacturer and supplier in Europe, Lithuania. We are manufacturer and supplier of certified high-quality particleboards P5. Load-bearing particleboard P5 for the construction. Structural particle board production capabilities (P5): 200.000 M3 per year. Structural particle board P5 production and warehouse space: 29 000 sq. m. Particle boards P5 producer and distributor in Europe. Particleboards P5 factory in Europe, certified particleboards P5 manufacturer and wholesaler. Wholesale of particle boards P5 made in Europe. European engineered wood products manufacturer and supplier. Particle boards P5 directly from the European manufacturer. Areas of application of VMG LIGNUM BOARD P5 products, particle boards P5 manufacturing process, standard particle boards P5 sizes, particle boards P5 marginal dimensions. P5: load-bearing particle boards for use in humid conditions.","robots":{"index":"index","follow":"follow","max-snippet":"max-snippet:-1","max-image-preview":"max-image-preview:large","max-video-preview":"max-video-preview:-1"},"canonical":"https:\/\/www.vmg-lignum.eu\/lt\/product\/statybines-medzio-drozliu-plokstes\/","og_locale":"lt_LT","og_type":"article","og_title":"VMG LIGNUM BOARD P5 | 200.000 M3 per year | Load-bearing particle boards for use in humid conditions | Load-bearing structural particle boards manufacturer and supplier in Europe, Lithuania | Load-bearing glued structural particle boards, particleboard for the construction: P5. We are manufacturer and supplier of certified high-quality particle boards (PB) | P5 structural particleboards factory in Europe, certified particle boards manufacturer and wholesaler | European engineered wood products manufacturer and supplier | P5 particle boards producer and distributor in Europe | Wholesale of P5 particle boards made in Europe | www.vmg-lignum.eu","og_description":"VMG LIGNUM BOARD P5. 200.000 M3 per year. Load-bearing particle boards for use in humid conditions. Glued structural particle boards P5 manufacturer and supplier in Europe, Lithuania. We are manufacturer and supplier of certified high-quality particleboards P5. Load-bearing particleboard P5 for the construction. Structural particle board production capabilities (P5): 200.000 M3 per year. Structural particle board P5 production and warehouse space: 29 000 sq. m. Particle boards P5 producer and distributor in Europe. Particleboards P5 factory in Europe, certified particleboards P5 manufacturer and wholesaler. Wholesale of particle boards P5 made in Europe. European engineered wood products manufacturer and supplier. Particle boards P5 directly from the European manufacturer. Areas of application of VMG LIGNUM BOARD P5 products, particle boards P5 manufacturing process, standard particle boards P5 sizes, particle boards P5 marginal dimensions. P5: load-bearing particle boards for use in humid conditions.","og_url":"https:\/\/www.vmg-lignum.eu\/lt\/product\/statybines-medzio-drozliu-plokstes\/","og_site_name":"VMG Lignum","article_modified_time":"2026-03-06T13:16:44+00:00","twitter_card":"summary_large_image","schema":{"@context":"https:\/\/schema.org","@graph":[{"@type":"WebPage","@id":"https:\/\/www.vmg-lignum.eu\/lt\/product\/statybines-medzio-drozliu-plokstes\/","url":"https:\/\/www.vmg-lignum.eu\/lt\/product\/statybines-medzio-drozliu-plokstes\/","name":"VMG LIGNUM BOARD P5 | 200.000 M3 per year | Load-bearing particle boards for use in humid conditions | Load-bearing structural particle boards manufacturer and supplier in Europe, Lithuania | Load-bearing glued structural particle boards, particleboard for the construction: P5. We are manufacturer and supplier of certified high-quality particle boards (PB) | P5 structural particleboards factory in Europe, certified particle boards manufacturer and wholesaler | European engineered wood products manufacturer and supplier | P5 particle boards producer and distributor in Europe | Wholesale of P5 particle boards made in Europe | www.vmg-lignum.eu","isPartOf":{"@id":"https:\/\/www.vmg-lignum.eu\/#website"},"datePublished":"2024-01-13T10:47:54+00:00","dateModified":"2026-03-06T13:16:44+00:00","description":"VMG LIGNUM BOARD P5. 200.000 M3 per year. Load-bearing particle boards for use in humid conditions. Glued structural particle boards P5 manufacturer and supplier in Europe, Lithuania. We are manufacturer and supplier of certified high-quality particleboards P5. Load-bearing particleboard P5 for the construction. Structural particle board production capabilities (P5): 200.000 M3 per year. Structural particle board P5 production and warehouse space: 29 000 sq. m. Particle boards P5 producer and distributor in Europe. Particleboards P5 factory in Europe, certified particleboards P5 manufacturer and wholesaler. Wholesale of particle boards P5 made in Europe. European engineered wood products manufacturer and supplier. Particle boards P5 directly from the European manufacturer. Areas of application of VMG LIGNUM BOARD P5 products, particle boards P5 manufacturing process, standard particle boards P5 sizes, particle boards P5 marginal dimensions. P5: load-bearing particle boards for use in humid conditions.","breadcrumb":{"@id":"https:\/\/www.vmg-lignum.eu\/lt\/product\/statybines-medzio-drozliu-plokstes\/#breadcrumb"},"inLanguage":"lt-LT","potentialAction":[{"@type":"ReadAction","target":["https:\/\/www.vmg-lignum.eu\/lt\/product\/statybines-medzio-drozliu-plokstes\/"]}]},{"@type":"BreadcrumbList","@id":"https:\/\/www.vmg-lignum.eu\/lt\/product\/statybines-medzio-drozliu-plokstes\/#breadcrumb","itemListElement":[{"@type":"ListItem","position":1,"name":"Home","item":"https:\/\/www.vmg-lignum.eu\/lt\/"},{"@type":"ListItem","position":2,"name":"STATYBIN\u0116S MED\u017dIO DRO\u017dLI\u0172 PLOK\u0160T\u0116S"}]},{"@type":"WebSite","@id":"https:\/\/www.vmg-lignum.eu\/#website","url":"https:\/\/www.vmg-lignum.eu\/","name":"VMG Lignum","description":"","publisher":{"@id":"https:\/\/www.vmg-lignum.eu\/#organization"},"potentialAction":[{"@type":"SearchAction","target":{"@type":"EntryPoint","urlTemplate":"https:\/\/www.vmg-lignum.eu\/?s={search_term_string}"},"query-input":{"@type":"PropertyValueSpecification","valueRequired":true,"valueName":"search_term_string"}}],"inLanguage":"lt-LT"},{"@type":"Organization","@id":"https:\/\/www.vmg-lignum.eu\/#organization","name":"VMG Lignum","url":"https:\/\/www.vmg-lignum.eu\/","logo":{"@type":"ImageObject","inLanguage":"lt-LT","@id":"https:\/\/www.vmg-lignum.eu\/#\/schema\/logo\/image\/","url":"https:\/\/www.vmg-lignum.eu\/wp-content\/uploads\/2023\/12\/logo.svg","contentUrl":"https:\/\/www.vmg-lignum.eu\/wp-content\/uploads\/2023\/12\/logo.svg","caption":"VMG Lignum"},"image":{"@id":"https:\/\/www.vmg-lignum.eu\/#\/schema\/logo\/image\/"}}]}},"_links":{"self":[{"href":"https:\/\/www.vmg-lignum.eu\/lt\/wp-json\/wp\/v2\/product\/4841","targetHints":{"allow":["GET"]}}],"collection":[{"href":"https:\/\/www.vmg-lignum.eu\/lt\/wp-json\/wp\/v2\/product"}],"about":[{"href":"https:\/\/www.vmg-lignum.eu\/lt\/wp-json\/wp\/v2\/types\/product"}],"wp:attachment":[{"href":"https:\/\/www.vmg-lignum.eu\/lt\/wp-json\/wp\/v2\/media?parent=4841"}],"curies":[{"name":"wp","href":"https:\/\/api.w.org\/{rel}","templated":true}]}}